{"id":598,"date":"2024-08-13T11:26:16","date_gmt":"2024-08-13T09:26:16","guid":{"rendered":"https:\/\/cfecgcof.fr\/?page_id=598"},"modified":"2024-12-20T09:45:01","modified_gmt":"2024-12-20T08:45:01","slug":"adhesion","status":"publish","type":"page","link":"https:\/\/cfecgcof.fr\/index.php\/adhesion\/","title":{"rendered":"Adh\u00e9sion"},"content":{"rendered":"\n<h2 class=\"wp-block-heading\">Pourquoi adh\u00e9rer ?<\/h2>\n\n\n\n<ul class=\"wp-block-list\">\n<li>\u00catre \u00e9cout\u00e9 et d\u00e9fendu,<\/li>\n\n\n\n<li>\u00catre inform\u00e9 des r\u00e9alit\u00e9s de l&rsquo;entreprise, de sa strat\u00e9gie,<\/li>\n\n\n\n<li>Faire valoir la place de l&rsquo;encadrement,<\/li>\n\n\n\n<li>Anticiper et peser sur les d\u00e9cisions de l&#8217;employeur,<\/li>\n\n\n\n<li>Participer \u00e0 la vie du syndicat si vous le souhaitez.<\/li>\n<\/ul>\n\n\n\n<p>La CFE CGC met au service de ses adh\u00e9rent.e.s une protection juridique professionnelle et syndicale comprenant :<\/p>\n\n\n\n<ul class=\"wp-block-list\">\n<li>Conseils juridiques,<\/li>\n\n\n\n<li>D\u00e9fense : prud&rsquo;hommes, conseillers de salari\u00e9s, avocats,<\/li>\n\n\n\n<li>Protection juridique li\u00e9e aux fonctions professionnelles et aux missions syndicales.<\/li>\n<\/ul>\n\n\n\n<p>Chaque adh\u00e9rent b\u00e9n\u00e9ficie \u00e9galement d\u2019une assistance juridique en droit civil (biens et personnes) et en droit de la famille, avec une premi\u00e8re heure de conseil prise en charge par le syndicat et dispens\u00e9e par un avocat.<\/p>\n\n\n\n<p><strong>Votre adh\u00e9sion est enti\u00e8rement confidentielle : en aucun cas l\u2019entreprise n\u2019a connaissance de l\u2019identit\u00e9 des adh\u00e9rent\u00b7e\u00b7s.<\/strong><\/p>\n\n\n\n<h2 class=\"wp-block-heading\">Comment adh\u00e9rer ?<\/h2>\n\n\n\n<p>Pour adh\u00e9rer, il suffit de contacter l&rsquo;un.e de nos d\u00e9l\u00e9gu\u00e9s syndicaux ou \u00e9lu.e.s. Le montant des cotisations varie en fonction de votre situation professionnelle. <\/p>\n\n\n\n<p>Cotisations annuelles pour 2024 :<\/p>\n\n\n\n<ul class=\"wp-block-list\">\n<li>Nouvel\u00b7le adh\u00e9rent\u00b7e : 164 \u20ac<\/li>\n\n\n\n<li>Ing\u00e9nieur\u00b7e \u2013 cadre : 204 \u20ac<\/li>\n\n\n\n<li>Agent\u00b7e de ma\u00eetrise \u2013 technicien\u00b7ne : 184 \u20ac<\/li>\n\n\n\n<li>Temps partiel (80 % et moins) : 184 \u20ac<\/li>\n\n\n\n<li>Retrait\u00e9\u00b7e : 168 \u20ac<\/li>\n<\/ul>\n\n\n\n<p>La cotisation syndicale b\u00e9n\u00e9ficie d\u2019une d\u00e9duction fiscale : 66 % de son montant est d\u00e9ductible de l&rsquo;imp\u00f4t sur le revenu.<\/p>\n\n\n\n<p>Rejoignez-nous pour d\u00e9fendre vos droits et participer activement \u00e0 la vie de votre entreprise et de votre syndicat.<\/p>\n","protected":false},"excerpt":{"rendered":"<p>Pourquoi adh\u00e9rer ? La CFE CGC met au service de ses adh\u00e9rent.e.s une protection juridique professionnelle et syndicale comprenant : Chaque adh\u00e9rent b\u00e9n\u00e9ficie \u00e9galement d\u2019une assistance juridique en droit civil (biens et personnes) et en droit de la famille, avec une premi\u00e8re heure de conseil prise en charge par le syndicat et dispens\u00e9e par un [&hellip;]<\/p>\n","protected":false},"author":1,"featured_media":0,"parent":0,"menu_order":0,"comment_status":"closed","ping_status":"closed","template":"","meta":{"footnotes":""},"class_list":["post-598","page","type-page","status-publish","hentry"],"_links":{"self":[{"href":"https:\/\/cfecgcof.fr\/index.php\/wp-json\/wp\/v2\/pages\/598","targetHints":{"allow":["GET"]}}],"collection":[{"href":"https:\/\/cfecgcof.fr\/index.php\/wp-json\/wp\/v2\/pages"}],"about":[{"href":"https:\/\/cfecgcof.fr\/index.php\/wp-json\/wp\/v2\/types\/page"}],"author":[{"embeddable":true,"href":"https:\/\/cfecgcof.fr\/index.php\/wp-json\/wp\/v2\/users\/1"}],"replies":[{"embeddable":true,"href":"https:\/\/cfecgcof.fr\/index.php\/wp-json\/wp\/v2\/comments?post=598"}],"version-history":[{"count":7,"href":"https:\/\/cfecgcof.fr\/index.php\/wp-json\/wp\/v2\/pages\/598\/revisions"}],"predecessor-version":[{"id":799,"href":"https:\/\/cfecgcof.fr\/index.php\/wp-json\/wp\/v2\/pages\/598\/revisions\/799"}],"wp:attachment":[{"href":"https:\/\/cfecgcof.fr\/index.php\/wp-json\/wp\/v2\/media?parent=598"}],"curies":[{"name":"wp","href":"https:\/\/api.w.org\/{rel}","templated":true}]}}