{"id":593,"date":"2024-08-13T11:13:22","date_gmt":"2024-08-13T09:13:22","guid":{"rendered":"https:\/\/cfecgcof.fr\/?page_id=593"},"modified":"2024-11-27T11:59:13","modified_gmt":"2024-11-27T10:59:13","slug":"a-propos","status":"publish","type":"page","link":"https:\/\/cfecgcof.fr\/index.php\/a-propos\/","title":{"rendered":"La section"},"content":{"rendered":"\n<h2 class=\"wp-block-heading\">Un syndicat engag\u00e9 pour les cadres de Ouest-France<\/h2>\n\n\n\n<p>La CFE CGC est le seul syndicat cat\u00e9goriel d\u00e9di\u00e9 \u00e0 la d\u00e9fense des int\u00e9r\u00eats des cadres. Face aux r\u00e9formes nationales touchant les retraites ou l\u2019assurance ch\u00f4mage, le statut des cadres est r\u00e9guli\u00e8rement remis en question, et la CFE CGC se retrouve souvent seule pour prot\u00e9ger vos acquis.<\/p>\n\n\n\n<p>\u00c0 Ouest-France, la CFE CGC s\u2019engage \u00e0 :<\/p>\n\n\n\n<ul class=\"wp-block-list\">\n<li>Maintenir un discours constructif, \u00e9quilibr\u00e9, mais ferme avec la direction pour d\u00e9fendre vos droits et int\u00e9r\u00eats,<\/li>\n\n\n\n<li>\u00catre force de proposition et \u00e0 l&rsquo;\u00e9coute lors des n\u00e9gociations,<\/li>\n\n\n\n<li>Vous soutenir et vous accompagner au quotidien,<\/li>\n\n\n\n<li>Vous informer en temps r\u00e9el.<\/li>\n<\/ul>\n\n\n\n<p>Nous avons pour vocation d&rsquo;accompagner et d\u00e9fendre tous les salari\u00e9\u00b7e\u00b7s en \u00e9tant \u00e0 votre \u00e9coute. Nous restons proches de vous, gr\u00e2ce \u00e0 des sondages r\u00e9guliers et une pr\u00e9sence active sur le terrain, \u00e0 tous les niveaux de l\u2019entreprise.<\/p>\n\n\n\n<p>N\u2019h\u00e9sitez jamais \u00e0 nous contacter : vos t\u00e9moignages nous permettent de bien comprendre l\u2019entreprise et vos probl\u00e9matiques. Dans un contexte o\u00f9 l\u2019avenir de la presse quotidienne est incertain, vous pouvez compter sur la CFE CGC, seul syndicat cr\u00e9\u00e9 par et pour les cadres et agents de ma\u00eetrise, v\u00e9ritablement \u00e0 l\u2019\u00e9coute de l\u2019encadrement. Ensemble, nous serons plus fort\u00b7e\u00b7s pour pr\u00e9parer l\u2019avenir.<\/p>\n\n\n\n<h2 class=\"wp-block-heading\">Une \u00e9quipe disponible pour vous accompagner<\/h2>\n\n\n\n<p>Notre \u00e9quipe se compose de d\u00e9l\u00e9gu\u00e9\u00b7e\u00b7s et d\u2019\u00e9lu\u00b7e\u00b7s au CSE d\u2019Ouest-France, disponibles pour vous accompagner sur les questions li\u00e9es \u00e0 la vie de l\u2019entreprise, \u00e0 votre situation personnelle, aux dispositions du code du travail, \u00e0 la convention collective des cadres, ou aux accords d\u2019entreprise.<\/p>\n\n\n\n<p><\/p>\n\n\n\n<ul class=\"wp-block-list\">\n<li>J\u00e9r\u00f4me VERGNAUD : d\u00e9l\u00e9gu\u00e9 syndical.<\/li>\n\n\n\n<li>Dominique PETOT : d\u00e9l\u00e9gu\u00e9 syndical, \u00e9lu CSE titulaire.<\/li>\n\n\n\n<li>Manuela BEAUFILS : repr\u00e9sentante syndicale au CSE, membre de la commission R\u00e9daction.<\/li>\n\n\n\n<li>Christophe BLETEAU : \u00e9lu CSE suppl\u00e9ant, secr\u00e9taire adjoint du CSE en charge de la sant\u00e9 s\u00e9curit\u00e9 conditions de travail, membre du comit\u00e9 Restauration, et de la sous-commission Voyages.<\/li>\n\n\n\n<li>C\u00e9cile BOUSSIN : \u00e9lue CSE suppl\u00e9ante, repr\u00e9sentante de proximit\u00e9, membre de la commission formation.<\/li>\n\n\n\n<li>Nicolas CELGOH : \u00e9lu CSE titulaire, tr\u00e9sorier du CSE, repr\u00e9sentant de proximit\u00e9, membre de la commission des March\u00e9s, et du comit\u00e9 Restauration.<\/li>\n\n\n\n<li>Charlotte CALVEZ : \u00e9lue CSE titulaire, r\u00e9f\u00e9rente Harc\u00e8lement Sexuel et Agissement sexiste, membre de la commission Egalit\u00e9. Femme\/Homme &amp; RSE et de la commission Intelligence Artificielle.<\/li>\n\n\n\n<li>Val\u00e9rie \u00c9COLE : \u00e9lue CSE titulaire, membre de la Commission Sant\u00e9 S\u00e9curit\u00e9 et Conditions de Travail (CSSCT), de la sous-commission Voyages, et du comit\u00e9 de Groupe.<\/li>\n\n\n\n<li>Brigitte FERNANDEZ : \u00e9lue CSE titulaire, repr\u00e9sentante de proximit\u00e9.<\/li>\n\n\n\n<li>Jacky GOIZET : \u00e9lu CSE suppl\u00e9ant, et du comit\u00e9 de Groupe.<\/li>\n\n\n\n<li>Olivier LEMOIGNE : \u00e9lu CSE titulaire, membre de la commission R\u00e9daction et de la commission Intelligence Artificielle.<\/li>\n\n\n\n<li>Pascal PORTIER : \u00e9lu CSE suppl\u00e9ant, repr\u00e9sentant du CSE au Conseil de Surveillance, membre du comit\u00e9 Secours et Entraide.<\/li>\n\n\n\n<li>Dominique QUEFF\u00c9LEC : \u00e9lue CSE suppl\u00e9ante, membre de la commission Intelligence Artificielle.<\/li>\n<\/ul>\n\n\n\n<p>Nos \u00e9lu\u00b7e\u00b7s au CSE d\u00e9fendent les droits de tous les salari\u00e9\u00b7e\u00b7s, qu\u2019ils soient syndiqu\u00e9\u00b7e\u00b7s ou non.<\/p>\n\n\n\n<p>Vous pouvez les contacter \u00e0 leur adresse mail Ouest-France ou via l\u2019adresse cfecgc@ouest-france.fr.<\/p>\n","protected":false},"excerpt":{"rendered":"<p>Un syndicat engag\u00e9 pour les cadres de Ouest-France La CFE CGC est le seul syndicat cat\u00e9goriel d\u00e9di\u00e9 \u00e0 la d\u00e9fense des int\u00e9r\u00eats des cadres. Face aux r\u00e9formes nationales touchant les retraites ou l\u2019assurance ch\u00f4mage, le statut des cadres est r\u00e9guli\u00e8rement remis en question, et la CFE CGC se retrouve souvent seule pour prot\u00e9ger vos acquis. [&hellip;]<\/p>\n","protected":false},"author":1,"featured_media":0,"parent":0,"menu_order":0,"comment_status":"closed","ping_status":"closed","template":"","meta":{"footnotes":""},"class_list":["post-593","page","type-page","status-publish","hentry"],"_links":{"self":[{"href":"https:\/\/cfecgcof.fr\/index.php\/wp-json\/wp\/v2\/pages\/593","targetHints":{"allow":["GET"]}}],"collection":[{"href":"https:\/\/cfecgcof.fr\/index.php\/wp-json\/wp\/v2\/pages"}],"about":[{"href":"https:\/\/cfecgcof.fr\/index.php\/wp-json\/wp\/v2\/types\/page"}],"author":[{"embeddable":true,"href":"https:\/\/cfecgcof.fr\/index.php\/wp-json\/wp\/v2\/users\/1"}],"replies":[{"embeddable":true,"href":"https:\/\/cfecgcof.fr\/index.php\/wp-json\/wp\/v2\/comments?post=593"}],"version-history":[{"count":9,"href":"https:\/\/cfecgcof.fr\/index.php\/wp-json\/wp\/v2\/pages\/593\/revisions"}],"predecessor-version":[{"id":789,"href":"https:\/\/cfecgcof.fr\/index.php\/wp-json\/wp\/v2\/pages\/593\/revisions\/789"}],"wp:attachment":[{"href":"https:\/\/cfecgcof.fr\/index.php\/wp-json\/wp\/v2\/media?parent=593"}],"curies":[{"name":"wp","href":"https:\/\/api.w.org\/{rel}","templated":true}]}}